{"id":2057,"date":"2022-05-25T20:57:46","date_gmt":"2022-05-25T18:57:46","guid":{"rendered":"https:\/\/www.ci2s-44.fr\/?page_id=2057"},"modified":"2024-10-09T14:51:06","modified_gmt":"2024-10-09T12:51:06","slug":"eveil-sportif","status":"publish","type":"page","link":"https:\/\/www.ci2s-44.fr\/index.php\/eveil-sportif\/","title":{"rendered":"Eveil sportif"},"content":{"rendered":"\t\t<div data-elementor-type=\"wp-page\" data-elementor-id=\"2057\" class=\"elementor elementor-2057\">\n\t\t\t\t\t\t<section class=\"elementor-section elementor-top-section elementor-element elementor-element-cb10859 elementor-section-boxed elementor-section-height-default elementor-section-height-default\" data-id=\"cb10859\" data-element_type=\"section\" data-e-type=\"section\">\n\t\t\t\t\t\t<div class=\"elementor-container elementor-column-gap-default\">\n\t\t\t\t\t<div class=\"elementor-column elementor-col-100 elementor-top-column elementor-element elementor-element-2600efa\" data-id=\"2600efa\" data-element_type=\"column\" data-e-type=\"column\">\n\t\t\t<div class=\"elementor-widget-wrap elementor-element-populated\">\n\t\t\t\t\t\t<div class=\"elementor-element elementor-element-7a5faf2 elementor-widget elementor-widget-heading\" data-id=\"7a5faf2\" data-element_type=\"widget\" data-e-type=\"widget\" data-widget_type=\"heading.default\">\n\t\t\t\t<div class=\"elementor-widget-container\">\n\t\t\t\t\t<h2 class=\"elementor-heading-title elementor-size-default\">Eveil sportif<\/h2>\t\t\t\t<\/div>\n\t\t\t\t<\/div>\n\t\t\t\t\t<\/div>\n\t\t<\/div>\n\t\t\t\t\t<\/div>\n\t\t<\/section>\n\t\t\t\t<section class=\"elementor-section elementor-top-section elementor-element elementor-element-0a5cd34 elementor-section-boxed elementor-section-height-default elementor-section-height-default\" data-id=\"0a5cd34\" data-element_type=\"section\" data-e-type=\"section\">\n\t\t\t\t\t\t<div class=\"elementor-container elementor-column-gap-default\">\n\t\t\t\t\t<div class=\"elementor-column elementor-col-100 elementor-top-column elementor-element elementor-element-09a1f6b\" data-id=\"09a1f6b\" data-element_type=\"column\" data-e-type=\"column\">\n\t\t\t<div class=\"elementor-widget-wrap elementor-element-populated\">\n\t\t\t\t\t\t<div class=\"elementor-element elementor-element-f2d5569 elementor-widget elementor-widget-text-editor\" data-id=\"f2d5569\" data-element_type=\"widget\" data-e-type=\"widget\" data-widget_type=\"text-editor.default\">\n\t\t\t\t<div class=\"elementor-widget-container\">\n\t\t\t\t\t\t\t\t\t<p style=\"text-align: center;\">L&rsquo;\u00e9veil sportif 3 &#8211; 6 ans se d\u00e9roule sur 5 communes apr\u00e8s l&rsquo;\u00e9cole:\u00a0<\/p>\t\t\t\t\t\t\t\t<\/div>\n\t\t\t\t<\/div>\n\t\t\t\t\t<\/div>\n\t\t<\/div>\n\t\t\t\t\t<\/div>\n\t\t<\/section>\n\t\t\t\t<section class=\"elementor-section elementor-top-section elementor-element elementor-element-7bbc3f5 elementor-section-boxed elementor-section-height-default elementor-section-height-default\" data-id=\"7bbc3f5\" data-element_type=\"section\" data-e-type=\"section\">\n\t\t\t\t\t\t<div class=\"elementor-container elementor-column-gap-default\">\n\t\t\t\t\t<div class=\"elementor-column elementor-col-33 elementor-top-column elementor-element elementor-element-1c0b4ae\" data-id=\"1c0b4ae\" data-element_type=\"column\" data-e-type=\"column\">\n\t\t\t<div class=\"elementor-widget-wrap elementor-element-populated\">\n\t\t\t\t\t\t<div class=\"elementor-element elementor-element-ba9981c elementor-widget elementor-widget-image\" data-id=\"ba9981c\" data-element_type=\"widget\" data-e-type=\"widget\" data-widget_type=\"image.default\">\n\t\t\t\t<div class=\"elementor-widget-container\">\n\t\t\t\t\t\t\t\t\t\t\t\t\t\t\t<img fetchpriority=\"high\" decoding=\"async\" width=\"724\" height=\"1024\" src=\"https:\/\/www.ci2s-44.fr\/wp-content\/uploads\/2024\/10\/Eveil-Sportif-3-6-ans-3-724x1024.png\" class=\"attachment-large size-large wp-image-4107\" alt=\"\" srcset=\"https:\/\/www.ci2s-44.fr\/wp-content\/uploads\/2024\/10\/Eveil-Sportif-3-6-ans-3-724x1024.png 724w, https:\/\/www.ci2s-44.fr\/wp-content\/uploads\/2024\/10\/Eveil-Sportif-3-6-ans-3-212x300.png 212w, https:\/\/www.ci2s-44.fr\/wp-content\/uploads\/2024\/10\/Eveil-Sportif-3-6-ans-3-768x1086.png 768w, https:\/\/www.ci2s-44.fr\/wp-content\/uploads\/2024\/10\/Eveil-Sportif-3-6-ans-3-1086x1536.png 1086w, https:\/\/www.ci2s-44.fr\/wp-content\/uploads\/2024\/10\/Eveil-Sportif-3-6-ans-3-1448x2048.png 1448w, https:\/\/www.ci2s-44.fr\/wp-content\/uploads\/2024\/10\/Eveil-Sportif-3-6-ans-3.png 1587w\" sizes=\"(max-width: 724px) 100vw, 724px\" \/>\t\t\t\t\t\t\t\t\t\t\t\t\t\t\t<\/div>\n\t\t\t\t<\/div>\n\t\t\t\t\t<\/div>\n\t\t<\/div>\n\t\t\t\t<div class=\"elementor-column elementor-col-33 elementor-top-column elementor-element elementor-element-c133f55\" data-id=\"c133f55\" data-element_type=\"column\" data-e-type=\"column\">\n\t\t\t<div class=\"elementor-widget-wrap elementor-element-populated\">\n\t\t\t\t\t\t<div class=\"elementor-element elementor-element-23d36e2 elementor-widget elementor-widget-image\" data-id=\"23d36e2\" data-element_type=\"widget\" data-e-type=\"widget\" data-widget_type=\"image.default\">\n\t\t\t\t<div class=\"elementor-widget-container\">\n\t\t\t\t\t\t\t\t\t\t\t\t\t\t\t<img decoding=\"async\" width=\"724\" height=\"1024\" src=\"https:\/\/www.ci2s-44.fr\/wp-content\/uploads\/2024\/10\/Eveil-Sportif-3-6-ans-2-724x1024.png\" class=\"attachment-large size-large wp-image-4106\" alt=\"\" srcset=\"https:\/\/www.ci2s-44.fr\/wp-content\/uploads\/2024\/10\/Eveil-Sportif-3-6-ans-2-724x1024.png 724w, https:\/\/www.ci2s-44.fr\/wp-content\/uploads\/2024\/10\/Eveil-Sportif-3-6-ans-2-212x300.png 212w, https:\/\/www.ci2s-44.fr\/wp-content\/uploads\/2024\/10\/Eveil-Sportif-3-6-ans-2-768x1086.png 768w, https:\/\/www.ci2s-44.fr\/wp-content\/uploads\/2024\/10\/Eveil-Sportif-3-6-ans-2-1086x1536.png 1086w, https:\/\/www.ci2s-44.fr\/wp-content\/uploads\/2024\/10\/Eveil-Sportif-3-6-ans-2-1448x2048.png 1448w, https:\/\/www.ci2s-44.fr\/wp-content\/uploads\/2024\/10\/Eveil-Sportif-3-6-ans-2.png 1587w\" sizes=\"(max-width: 724px) 100vw, 724px\" \/>\t\t\t\t\t\t\t\t\t\t\t\t\t\t\t<\/div>\n\t\t\t\t<\/div>\n\t\t\t\t\t<\/div>\n\t\t<\/div>\n\t\t\t\t<div class=\"elementor-column elementor-col-33 elementor-top-column elementor-element elementor-element-847900f\" data-id=\"847900f\" data-element_type=\"column\" data-e-type=\"column\">\n\t\t\t<div class=\"elementor-widget-wrap elementor-element-populated\">\n\t\t\t\t\t\t<div class=\"elementor-element elementor-element-be9d250 elementor-widget elementor-widget-image\" data-id=\"be9d250\" data-element_type=\"widget\" data-e-type=\"widget\" data-widget_type=\"image.default\">\n\t\t\t\t<div class=\"elementor-widget-container\">\n\t\t\t\t\t\t\t\t\t\t\t\t\t\t\t<img decoding=\"async\" width=\"724\" height=\"1024\" src=\"https:\/\/www.ci2s-44.fr\/wp-content\/uploads\/2023\/06\/16-724x1024.png\" class=\"attachment-large size-large wp-image-3838\" alt=\"\" srcset=\"https:\/\/www.ci2s-44.fr\/wp-content\/uploads\/2023\/06\/16-724x1024.png 724w, https:\/\/www.ci2s-44.fr\/wp-content\/uploads\/2023\/06\/16-212x300.png 212w, https:\/\/www.ci2s-44.fr\/wp-content\/uploads\/2023\/06\/16-768x1086.png 768w, https:\/\/www.ci2s-44.fr\/wp-content\/uploads\/2023\/06\/16-1086x1536.png 1086w, https:\/\/www.ci2s-44.fr\/wp-content\/uploads\/2023\/06\/16-1448x2048.png 1448w, https:\/\/www.ci2s-44.fr\/wp-content\/uploads\/2023\/06\/16.png 1587w\" sizes=\"(max-width: 724px) 100vw, 724px\" \/>\t\t\t\t\t\t\t\t\t\t\t\t\t\t\t<\/div>\n\t\t\t\t<\/div>\n\t\t\t\t\t<\/div>\n\t\t<\/div>\n\t\t\t\t\t<\/div>\n\t\t<\/section>\n\t\t\t\t<section class=\"elementor-section elementor-top-section elementor-element elementor-element-0132d27 elementor-section-boxed elementor-section-height-default elementor-section-height-default\" data-id=\"0132d27\" data-element_type=\"section\" data-e-type=\"section\">\n\t\t\t\t\t\t<div class=\"elementor-container elementor-column-gap-default\">\n\t\t\t\t\t<div class=\"elementor-column elementor-col-100 elementor-top-column elementor-element elementor-element-9f375d4\" data-id=\"9f375d4\" data-element_type=\"column\" data-e-type=\"column\">\n\t\t\t<div class=\"elementor-widget-wrap elementor-element-populated\">\n\t\t\t\t\t\t<div class=\"elementor-element elementor-element-6269e11 elementor-widget elementor-widget-text-editor\" data-id=\"6269e11\" data-element_type=\"widget\" data-e-type=\"widget\" data-widget_type=\"text-editor.default\">\n\t\t\t\t<div class=\"elementor-widget-container\">\n\t\t\t\t\t\t\t\t\t<p style=\"text-align: center;\">Pour inscrire votre enfant, c&rsquo;est simple, nous envoyer un mail ou nous appeler<\/p>\t\t\t\t\t\t\t\t<\/div>\n\t\t\t\t<\/div>\n\t\t\t\t\t<\/div>\n\t\t<\/div>\n\t\t\t\t\t<\/div>\n\t\t<\/section>\n\t\t\t\t<\/div>\n\t\t","protected":false},"excerpt":{"rendered":"<p>Eveil sportif L&rsquo;\u00e9veil sportif 3 &#8211; 6 ans se d\u00e9roule sur 5 communes apr\u00e8s l&rsquo;\u00e9cole:\u00a0 Pour inscrire votre enfant, c&rsquo;est simple, nous envoyer un mail ou nous appeler<\/p>\n","protected":false},"author":1,"featured_media":0,"parent":0,"menu_order":0,"comment_status":"closed","ping_status":"closed","template":"","meta":{"_kadence_starter_templates_imported_post":false,"_kad_post_transparent":"","_kad_post_title":"hide","_kad_post_layout":"fullwidth","_kad_post_sidebar_id":"","_kad_post_content_style":"unboxed","_kad_post_vertical_padding":"hide","_kad_post_feature":"hide","_kad_post_feature_position":"","_kad_post_header":false,"_kad_post_footer":false,"_kad_post_classname":"","footnotes":""},"class_list":["post-2057","page","type-page","status-publish","hentry"],"_links":{"self":[{"href":"https:\/\/www.ci2s-44.fr\/index.php\/wp-json\/wp\/v2\/pages\/2057","targetHints":{"allow":["GET"]}}],"collection":[{"href":"https:\/\/www.ci2s-44.fr\/index.php\/wp-json\/wp\/v2\/pages"}],"about":[{"href":"https:\/\/www.ci2s-44.fr\/index.php\/wp-json\/wp\/v2\/types\/page"}],"author":[{"embeddable":true,"href":"https:\/\/www.ci2s-44.fr\/index.php\/wp-json\/wp\/v2\/users\/1"}],"replies":[{"embeddable":true,"href":"https:\/\/www.ci2s-44.fr\/index.php\/wp-json\/wp\/v2\/comments?post=2057"}],"version-history":[{"count":64,"href":"https:\/\/www.ci2s-44.fr\/index.php\/wp-json\/wp\/v2\/pages\/2057\/revisions"}],"predecessor-version":[{"id":4131,"href":"https:\/\/www.ci2s-44.fr\/index.php\/wp-json\/wp\/v2\/pages\/2057\/revisions\/4131"}],"wp:attachment":[{"href":"https:\/\/www.ci2s-44.fr\/index.php\/wp-json\/wp\/v2\/media?parent=2057"}],"curies":[{"name":"wp","href":"https:\/\/api.w.org\/{rel}","templated":true}]}}