{"id":2182,"date":"2022-06-02T14:14:48","date_gmt":"2022-06-02T12:14:48","guid":{"rendered":"https:\/\/www.ci2s-44.fr\/?page_id=2182"},"modified":"2026-03-04T18:33:23","modified_gmt":"2026-03-04T17:33:23","slug":"activites","status":"publish","type":"page","link":"https:\/\/www.ci2s-44.fr\/index.php\/activites\/","title":{"rendered":"Activit\u00e9s \u00e0 venir"},"content":{"rendered":"\t\t<div data-elementor-type=\"wp-page\" data-elementor-id=\"2182\" class=\"elementor elementor-2182\">\n\t\t\t\t\t\t<section class=\"elementor-section elementor-top-section elementor-element elementor-element-0cd13d0 elementor-section-boxed elementor-section-height-default elementor-section-height-default\" data-id=\"0cd13d0\" data-element_type=\"section\" data-e-type=\"section\">\n\t\t\t\t\t\t<div class=\"elementor-container elementor-column-gap-default\">\n\t\t\t\t\t<div class=\"elementor-column elementor-col-100 elementor-top-column elementor-element elementor-element-71f6a5a\" data-id=\"71f6a5a\" data-element_type=\"column\" data-e-type=\"column\">\n\t\t\t<div class=\"elementor-widget-wrap elementor-element-populated\">\n\t\t\t\t\t\t<div class=\"elementor-element elementor-element-b2c8b39 elementor-widget elementor-widget-heading\" data-id=\"b2c8b39\" data-element_type=\"widget\" data-e-type=\"widget\" data-widget_type=\"heading.default\">\n\t\t\t\t<div class=\"elementor-widget-container\">\n\t\t\t\t\t<h2 class=\"elementor-heading-title elementor-size-default\">Activit\u00e9s \u00e0 venir<\/h2>\t\t\t\t<\/div>\n\t\t\t\t<\/div>\n\t\t\t\t\t<\/div>\n\t\t<\/div>\n\t\t\t\t\t<\/div>\n\t\t<\/section>\n\t\t\t\t<section class=\"elementor-section elementor-top-section elementor-element elementor-element-f1f5dae elementor-section-boxed elementor-section-height-default elementor-section-height-default\" data-id=\"f1f5dae\" data-element_type=\"section\" data-e-type=\"section\">\n\t\t\t\t\t\t<div class=\"elementor-container elementor-column-gap-default\">\n\t\t\t\t\t<div class=\"elementor-column elementor-col-100 elementor-top-column elementor-element elementor-element-4164f49\" data-id=\"4164f49\" data-element_type=\"column\" data-e-type=\"column\">\n\t\t\t<div class=\"elementor-widget-wrap elementor-element-populated\">\n\t\t\t\t\t\t<div class=\"elementor-element elementor-element-d38efeb elementor-widget elementor-widget-text-editor\" data-id=\"d38efeb\" data-element_type=\"widget\" data-e-type=\"widget\" data-widget_type=\"text-editor.default\">\n\t\t\t\t<div class=\"elementor-widget-container\">\n\t\t\t\t\t\t\t\t\t<pre style=\"text-align: center;\"><span style=\"background-color: transparent; color: var(--global-palette5); font-family: var(--global-body-font-family);\">[ PROGRAMME VACANCES DE AVRIL ]<\/span><\/pre>\n<p style=\"text-align: center;\"><span style=\"background-color: transparent; color: var(--global-palette5); font-family: var(--global-body-font-family);\">Pour participer aux activit\u00e9s il faut :&nbsp;<\/span><\/p>\n<p style=\"text-align: center;\"><img decoding=\"async\" draggable=\"false\" role=\"img\" class=\"emoji\" alt=\"1\ufe0f\u20e3\" src=\"https:\/\/s.w.org\/images\/core\/emoji\/17.0.2\/svg\/31-20e3.svg\"> \u00catre inscrit \u00e0 la MDJ Luminoise \/&nbsp;<span style=\"background-color: transparent; color: var(--global-palette5); font-family: var(--global-body-font-family);\"><img decoding=\"async\" draggable=\"false\" role=\"img\" class=\"emoji\" alt=\"2\ufe0f\u20e3\" src=\"https:\/\/s.w.org\/images\/core\/emoji\/17.0.2\/svg\/32-20e3.svg\"> Avoir entre 10 et 16 ans<\/span><\/p>\n<p style=\"text-align: center;\"><span style=\"background-color: transparent; color: var(--global-palette5); font-family: var(--global-body-font-family);\">Inscription via le QR code<\/span><\/p>\t\t\t\t\t\t\t\t<\/div>\n\t\t\t\t<\/div>\n\t\t\t\t\t<\/div>\n\t\t<\/div>\n\t\t\t\t\t<\/div>\n\t\t<\/section>\n\t\t\t\t<section class=\"elementor-section elementor-top-section elementor-element elementor-element-f1e8f91 elementor-section-boxed elementor-section-height-default elementor-section-height-default\" data-id=\"f1e8f91\" data-element_type=\"section\" data-e-type=\"section\">\n\t\t\t\t\t\t<div class=\"elementor-container elementor-column-gap-default\">\n\t\t\t\t\t<div class=\"elementor-column elementor-col-100 elementor-top-column elementor-element elementor-element-ec5cc89\" data-id=\"ec5cc89\" data-element_type=\"column\" data-e-type=\"column\">\n\t\t\t<div class=\"elementor-widget-wrap elementor-element-populated\">\n\t\t\t\t\t\t<div class=\"elementor-element elementor-element-a4337e3 elementor-widget elementor-widget-image\" data-id=\"a4337e3\" data-element_type=\"widget\" data-e-type=\"widget\" data-widget_type=\"image.default\">\n\t\t\t\t<div class=\"elementor-widget-container\">\n\t\t\t\t\t\t\t\t\t\t\t\t\t\t\t<img fetchpriority=\"high\" decoding=\"async\" width=\"487\" height=\"500\" src=\"https:\/\/www.ci2s-44.fr\/wp-content\/uploads\/2023\/03\/R.png\" class=\"attachment-large size-large wp-image-3537\" alt=\"\" srcset=\"https:\/\/www.ci2s-44.fr\/wp-content\/uploads\/2023\/03\/R.png 487w, https:\/\/www.ci2s-44.fr\/wp-content\/uploads\/2023\/03\/R-292x300.png 292w\" sizes=\"(max-width: 487px) 100vw, 487px\" \/>\t\t\t\t\t\t\t\t\t\t\t\t\t\t\t<\/div>\n\t\t\t\t<\/div>\n\t\t\t\t\t<\/div>\n\t\t<\/div>\n\t\t\t\t\t<\/div>\n\t\t<\/section>\n\t\t\t\t<\/div>\n\t\t","protected":false},"excerpt":{"rendered":"<p>Activit\u00e9s \u00e0 venir [ PROGRAMME VACANCES DE AVRIL ] Pour participer aux activit\u00e9s il faut :&nbsp; \u00catre inscrit \u00e0 la MDJ Luminoise \/&nbsp; Avoir entre 10 et 16 ans Inscription via le QR code<\/p>\n","protected":false},"author":1,"featured_media":0,"parent":0,"menu_order":0,"comment_status":"closed","ping_status":"closed","template":"","meta":{"_kadence_starter_templates_imported_post":false,"_kad_post_transparent":"","_kad_post_title":"hide","_kad_post_layout":"fullwidth","_kad_post_sidebar_id":"","_kad_post_content_style":"unboxed","_kad_post_vertical_padding":"hide","_kad_post_feature":"hide","_kad_post_feature_position":"","_kad_post_header":false,"_kad_post_footer":false,"_kad_post_classname":"","footnotes":""},"class_list":["post-2182","page","type-page","status-publish","hentry"],"_links":{"self":[{"href":"https:\/\/www.ci2s-44.fr\/index.php\/wp-json\/wp\/v2\/pages\/2182","targetHints":{"allow":["GET"]}}],"collection":[{"href":"https:\/\/www.ci2s-44.fr\/index.php\/wp-json\/wp\/v2\/pages"}],"about":[{"href":"https:\/\/www.ci2s-44.fr\/index.php\/wp-json\/wp\/v2\/types\/page"}],"author":[{"embeddable":true,"href":"https:\/\/www.ci2s-44.fr\/index.php\/wp-json\/wp\/v2\/users\/1"}],"replies":[{"embeddable":true,"href":"https:\/\/www.ci2s-44.fr\/index.php\/wp-json\/wp\/v2\/comments?post=2182"}],"version-history":[{"count":168,"href":"https:\/\/www.ci2s-44.fr\/index.php\/wp-json\/wp\/v2\/pages\/2182\/revisions"}],"predecessor-version":[{"id":4449,"href":"https:\/\/www.ci2s-44.fr\/index.php\/wp-json\/wp\/v2\/pages\/2182\/revisions\/4449"}],"wp:attachment":[{"href":"https:\/\/www.ci2s-44.fr\/index.php\/wp-json\/wp\/v2\/media?parent=2182"}],"curies":[{"name":"wp","href":"https:\/\/api.w.org\/{rel}","templated":true}]}}