{"id":2189,"date":"2022-06-02T14:34:15","date_gmt":"2022-06-02T12:34:15","guid":{"rendered":"https:\/\/www.ci2s-44.fr\/?page_id=2189"},"modified":"2025-11-19T14:04:04","modified_gmt":"2025-11-19T13:04:04","slug":"adhesion-a-lannee","status":"publish","type":"page","link":"https:\/\/www.ci2s-44.fr\/index.php\/adhesion-a-lannee\/","title":{"rendered":"Adh\u00e9sion \u00e0 l&rsquo;ann\u00e9e MDJ Luminoise"},"content":{"rendered":"\t\t<div data-elementor-type=\"wp-page\" data-elementor-id=\"2189\" class=\"elementor elementor-2189\">\n\t\t\t\t\t\t<section class=\"elementor-section elementor-top-section elementor-element elementor-element-f89bde3 elementor-section-boxed elementor-section-height-default elementor-section-height-default\" data-id=\"f89bde3\" data-element_type=\"section\" data-e-type=\"section\">\n\t\t\t\t\t\t<div class=\"elementor-container elementor-column-gap-default\">\n\t\t\t\t\t<div class=\"elementor-column elementor-col-100 elementor-top-column elementor-element elementor-element-54b069c\" data-id=\"54b069c\" data-element_type=\"column\" data-e-type=\"column\">\n\t\t\t<div class=\"elementor-widget-wrap elementor-element-populated\">\n\t\t\t\t\t\t<div class=\"elementor-element elementor-element-cf0e50c elementor-widget elementor-widget-heading\" data-id=\"cf0e50c\" data-element_type=\"widget\" data-e-type=\"widget\" data-widget_type=\"heading.default\">\n\t\t\t\t<div class=\"elementor-widget-container\">\n\t\t\t\t\t<h2 class=\"elementor-heading-title elementor-size-default\">Adh\u00e9sion \u00e0 l'ann\u00e9e<\/h2>\t\t\t\t<\/div>\n\t\t\t\t<\/div>\n\t\t\t\t\t<\/div>\n\t\t<\/div>\n\t\t\t\t\t<\/div>\n\t\t<\/section>\n\t\t\t\t<section class=\"elementor-section elementor-top-section elementor-element elementor-element-88716eb elementor-section-boxed elementor-section-height-default elementor-section-height-default\" data-id=\"88716eb\" data-element_type=\"section\" data-e-type=\"section\">\n\t\t\t\t\t\t<div class=\"elementor-container elementor-column-gap-default\">\n\t\t\t\t\t<div class=\"elementor-column elementor-col-100 elementor-top-column elementor-element elementor-element-2f87c18\" data-id=\"2f87c18\" data-element_type=\"column\" data-e-type=\"column\">\n\t\t\t<div class=\"elementor-widget-wrap elementor-element-populated\">\n\t\t\t\t\t\t<div class=\"elementor-element elementor-element-b8ba183 elementor-widget elementor-widget-text-editor\" data-id=\"b8ba183\" data-element_type=\"widget\" data-e-type=\"widget\" data-widget_type=\"text-editor.default\">\n\t\t\t\t<div class=\"elementor-widget-container\">\n\t\t\t\t\t\t\t\t\t<p style=\"text-align: center;\">Pour pouvoir participer \u00e0 la vie de la maison des jeunes et \u00e0 ses activit\u00e9s, il suffit d\u2019avoir son adh\u00e9sion et tu seras le\/la bienvenu\/e<\/p><p>En plus de l\u2019adh\u00e9sion, il nous faudra la fiche d\u2019autorisation parentale et la fiche d\u2019urgence m\u00e9dicale<\/p><p style=\"text-align: center;\">L&rsquo;adh\u00e9sion est de 15\u20ac de juin 2025 \u00e0 juin 2026<\/p>\t\t\t\t\t\t\t\t<\/div>\n\t\t\t\t<\/div>\n\t\t\t\t\t<\/div>\n\t\t<\/div>\n\t\t\t\t\t<\/div>\n\t\t<\/section>\n\t\t\t\t<section class=\"elementor-section elementor-top-section elementor-element elementor-element-20337db elementor-section-boxed elementor-section-height-default elementor-section-height-default\" data-id=\"20337db\" data-element_type=\"section\" data-e-type=\"section\">\n\t\t\t\t\t\t<div class=\"elementor-container elementor-column-gap-default\">\n\t\t\t\t\t<div class=\"elementor-column elementor-col-100 elementor-top-column elementor-element elementor-element-562fdff\" data-id=\"562fdff\" data-element_type=\"column\" data-e-type=\"column\">\n\t\t\t<div class=\"elementor-widget-wrap elementor-element-populated\">\n\t\t\t\t\t\t<div class=\"elementor-element elementor-element-53ab169 elementor-widget elementor-widget-image\" data-id=\"53ab169\" data-element_type=\"widget\" data-e-type=\"widget\" data-widget_type=\"image.default\">\n\t\t\t\t<div class=\"elementor-widget-container\">\n\t\t\t\t\t\t\t\t\t\t\t\t\t\t\t<img fetchpriority=\"high\" decoding=\"async\" width=\"724\" height=\"1024\" src=\"https:\/\/www.ci2s-44.fr\/wp-content\/uploads\/2025\/06\/Inscription-MDJ-Lu-1-724x1024.png\" class=\"attachment-large size-large wp-image-4360\" alt=\"\" srcset=\"https:\/\/www.ci2s-44.fr\/wp-content\/uploads\/2025\/06\/Inscription-MDJ-Lu-1-724x1024.png 724w, https:\/\/www.ci2s-44.fr\/wp-content\/uploads\/2025\/06\/Inscription-MDJ-Lu-1-212x300.png 212w, https:\/\/www.ci2s-44.fr\/wp-content\/uploads\/2025\/06\/Inscription-MDJ-Lu-1-768x1086.png 768w, https:\/\/www.ci2s-44.fr\/wp-content\/uploads\/2025\/06\/Inscription-MDJ-Lu-1-1086x1536.png 1086w, https:\/\/www.ci2s-44.fr\/wp-content\/uploads\/2025\/06\/Inscription-MDJ-Lu-1-1448x2048.png 1448w, https:\/\/www.ci2s-44.fr\/wp-content\/uploads\/2025\/06\/Inscription-MDJ-Lu-1.png 1587w\" sizes=\"(max-width: 724px) 100vw, 724px\" \/>\t\t\t\t\t\t\t\t\t\t\t\t\t\t\t<\/div>\n\t\t\t\t<\/div>\n\t\t\t\t\t<\/div>\n\t\t<\/div>\n\t\t\t\t\t<\/div>\n\t\t<\/section>\n\t\t\t\t<\/div>\n\t\t","protected":false},"excerpt":{"rendered":"<p>Adh\u00e9sion \u00e0 l&rsquo;ann\u00e9e Pour pouvoir participer \u00e0 la vie de la maison des jeunes et \u00e0 ses activit\u00e9s, il suffit d\u2019avoir son adh\u00e9sion et tu seras le\/la bienvenu\/e En plus de l\u2019adh\u00e9sion, il nous faudra la fiche d\u2019autorisation parentale et la fiche d\u2019urgence m\u00e9dicale L&rsquo;adh\u00e9sion est de 15\u20ac de juin 2025 \u00e0 juin 2026<\/p>\n","protected":false},"author":1,"featured_media":0,"parent":0,"menu_order":0,"comment_status":"closed","ping_status":"closed","template":"","meta":{"_kadence_starter_templates_imported_post":false,"_kad_post_transparent":"","_kad_post_title":"hide","_kad_post_layout":"fullwidth","_kad_post_sidebar_id":"","_kad_post_content_style":"unboxed","_kad_post_vertical_padding":"hide","_kad_post_feature":"hide","_kad_post_feature_position":"","_kad_post_header":false,"_kad_post_footer":false,"_kad_post_classname":"","footnotes":""},"class_list":["post-2189","page","type-page","status-publish","hentry"],"_links":{"self":[{"href":"https:\/\/www.ci2s-44.fr\/index.php\/wp-json\/wp\/v2\/pages\/2189","targetHints":{"allow":["GET"]}}],"collection":[{"href":"https:\/\/www.ci2s-44.fr\/index.php\/wp-json\/wp\/v2\/pages"}],"about":[{"href":"https:\/\/www.ci2s-44.fr\/index.php\/wp-json\/wp\/v2\/types\/page"}],"author":[{"embeddable":true,"href":"https:\/\/www.ci2s-44.fr\/index.php\/wp-json\/wp\/v2\/users\/1"}],"replies":[{"embeddable":true,"href":"https:\/\/www.ci2s-44.fr\/index.php\/wp-json\/wp\/v2\/comments?post=2189"}],"version-history":[{"count":75,"href":"https:\/\/www.ci2s-44.fr\/index.php\/wp-json\/wp\/v2\/pages\/2189\/revisions"}],"predecessor-version":[{"id":4380,"href":"https:\/\/www.ci2s-44.fr\/index.php\/wp-json\/wp\/v2\/pages\/2189\/revisions\/4380"}],"wp:attachment":[{"href":"https:\/\/www.ci2s-44.fr\/index.php\/wp-json\/wp\/v2\/media?parent=2189"}],"curies":[{"name":"wp","href":"https:\/\/api.w.org\/{rel}","templated":true}]}}