{"id":2462,"date":"2022-07-15T16:47:13","date_gmt":"2022-07-15T14:47:13","guid":{"rendered":"https:\/\/www.ci2s-44.fr\/?page_id=2462"},"modified":"2025-11-19T14:57:20","modified_gmt":"2025-11-19T13:57:20","slug":"vacances-2","status":"publish","type":"page","link":"https:\/\/www.ci2s-44.fr\/index.php\/vacances-2\/","title":{"rendered":"Vacances scolaire\u200bs"},"content":{"rendered":"\t\t<div data-elementor-type=\"wp-page\" data-elementor-id=\"2462\" class=\"elementor elementor-2462\">\n\t\t\t\t\t\t<section class=\"elementor-section elementor-top-section elementor-element elementor-element-ecffebd elementor-section-boxed elementor-section-height-default elementor-section-height-default\" data-id=\"ecffebd\" data-element_type=\"section\" data-e-type=\"section\">\n\t\t\t\t\t\t<div class=\"elementor-container elementor-column-gap-default\">\n\t\t\t\t\t<div class=\"elementor-column elementor-col-100 elementor-top-column elementor-element elementor-element-a0dbf67\" data-id=\"a0dbf67\" data-element_type=\"column\" data-e-type=\"column\">\n\t\t\t<div class=\"elementor-widget-wrap elementor-element-populated\">\n\t\t\t\t\t\t<div class=\"elementor-element elementor-element-71b2a87 elementor-widget elementor-widget-heading\" data-id=\"71b2a87\" data-element_type=\"widget\" data-e-type=\"widget\" data-widget_type=\"heading.default\">\n\t\t\t\t<div class=\"elementor-widget-container\">\n\t\t\t\t\t<h2 class=\"elementor-heading-title elementor-size-default\">Vacances scolaires<\/h2>\t\t\t\t<\/div>\n\t\t\t\t<\/div>\n\t\t\t\t\t<\/div>\n\t\t<\/div>\n\t\t\t\t\t<\/div>\n\t\t<\/section>\n\t\t\t\t<section class=\"elementor-section elementor-top-section elementor-element elementor-element-81d704d elementor-section-boxed elementor-section-height-default elementor-section-height-default\" data-id=\"81d704d\" data-element_type=\"section\" data-e-type=\"section\">\n\t\t\t\t\t\t<div class=\"elementor-container elementor-column-gap-default\">\n\t\t\t\t\t<div class=\"elementor-column elementor-col-100 elementor-top-column elementor-element elementor-element-5b2e8a8\" data-id=\"5b2e8a8\" data-element_type=\"column\" data-e-type=\"column\">\n\t\t\t<div class=\"elementor-widget-wrap elementor-element-populated\">\n\t\t\t\t\t\t<div class=\"elementor-element elementor-element-6f16e76 elementor-widget elementor-widget-text-editor\" data-id=\"6f16e76\" data-element_type=\"widget\" data-e-type=\"widget\" data-widget_type=\"text-editor.default\">\n\t\t\t\t<div class=\"elementor-widget-container\">\n\t\t\t\t\t\t\t\t\t<p style=\"margin-bottom: var(--global-md-spacing); text-align: center;\">Pendant les vacances scolaires nous proposons des activit\u00e9s multisports aux enfants:<\/p><p style=\"text-align: center;\">&#8211; \u00e9veil sportif de 3 \u00e0 6 ans sur une matin\u00e9e<\/p>\t\t\t\t\t\t\t\t<\/div>\n\t\t\t\t<\/div>\n\t\t\t\t\t<\/div>\n\t\t<\/div>\n\t\t\t\t\t<\/div>\n\t\t<\/section>\n\t\t\t\t<section class=\"elementor-section elementor-top-section elementor-element elementor-element-b287896 elementor-section-boxed elementor-section-height-default elementor-section-height-default\" data-id=\"b287896\" data-element_type=\"section\" data-e-type=\"section\">\n\t\t\t\t\t\t<div class=\"elementor-container elementor-column-gap-default\">\n\t\t\t\t\t<div class=\"elementor-column elementor-col-100 elementor-top-column elementor-element elementor-element-db60638\" data-id=\"db60638\" data-element_type=\"column\" data-e-type=\"column\">\n\t\t\t<div class=\"elementor-widget-wrap elementor-element-populated\">\n\t\t\t\t\t\t<div class=\"elementor-element elementor-element-4c39d0a elementor-widget elementor-widget-image\" data-id=\"4c39d0a\" data-element_type=\"widget\" data-e-type=\"widget\" data-widget_type=\"image.default\">\n\t\t\t\t<div class=\"elementor-widget-container\">\n\t\t\t\t\t\t\t\t\t\t\t\t\t\t\t<img fetchpriority=\"high\" decoding=\"async\" width=\"487\" height=\"500\" src=\"https:\/\/www.ci2s-44.fr\/wp-content\/uploads\/2023\/03\/R.png\" class=\"attachment-large size-large wp-image-3537\" alt=\"\" srcset=\"https:\/\/www.ci2s-44.fr\/wp-content\/uploads\/2023\/03\/R.png 487w, https:\/\/www.ci2s-44.fr\/wp-content\/uploads\/2023\/03\/R-292x300.png 292w\" sizes=\"(max-width: 487px) 100vw, 487px\" \/>\t\t\t\t\t\t\t\t\t\t\t\t\t\t\t<\/div>\n\t\t\t\t<\/div>\n\t\t\t\t\t<\/div>\n\t\t<\/div>\n\t\t\t\t\t<\/div>\n\t\t<\/section>\n\t\t\t\t<\/div>\n\t\t","protected":false},"excerpt":{"rendered":"<p>Vacances scolaires Pendant les vacances scolaires nous proposons des activit\u00e9s multisports aux enfants: &#8211; \u00e9veil sportif de 3 \u00e0 6 ans sur une matin\u00e9e<\/p>\n","protected":false},"author":1,"featured_media":0,"parent":0,"menu_order":0,"comment_status":"closed","ping_status":"closed","template":"","meta":{"_kadence_starter_templates_imported_post":false,"_kad_post_transparent":"","_kad_post_title":"hide","_kad_post_layout":"fullwidth","_kad_post_sidebar_id":"","_kad_post_content_style":"unboxed","_kad_post_vertical_padding":"hide","_kad_post_feature":"hide","_kad_post_feature_position":"","_kad_post_header":false,"_kad_post_footer":false,"_kad_post_classname":"","footnotes":""},"class_list":["post-2462","page","type-page","status-publish","hentry"],"_links":{"self":[{"href":"https:\/\/www.ci2s-44.fr\/index.php\/wp-json\/wp\/v2\/pages\/2462","targetHints":{"allow":["GET"]}}],"collection":[{"href":"https:\/\/www.ci2s-44.fr\/index.php\/wp-json\/wp\/v2\/pages"}],"about":[{"href":"https:\/\/www.ci2s-44.fr\/index.php\/wp-json\/wp\/v2\/types\/page"}],"author":[{"embeddable":true,"href":"https:\/\/www.ci2s-44.fr\/index.php\/wp-json\/wp\/v2\/users\/1"}],"replies":[{"embeddable":true,"href":"https:\/\/www.ci2s-44.fr\/index.php\/wp-json\/wp\/v2\/comments?post=2462"}],"version-history":[{"count":121,"href":"https:\/\/www.ci2s-44.fr\/index.php\/wp-json\/wp\/v2\/pages\/2462\/revisions"}],"predecessor-version":[{"id":4414,"href":"https:\/\/www.ci2s-44.fr\/index.php\/wp-json\/wp\/v2\/pages\/2462\/revisions\/4414"}],"wp:attachment":[{"href":"https:\/\/www.ci2s-44.fr\/index.php\/wp-json\/wp\/v2\/media?parent=2462"}],"curies":[{"name":"wp","href":"https:\/\/api.w.org\/{rel}","templated":true}]}}