{"id":2877,"date":"2022-07-21T16:13:23","date_gmt":"2022-07-21T14:13:23","guid":{"rendered":"https:\/\/www.ci2s-44.fr\/?page_id=2877"},"modified":"2025-11-19T14:05:39","modified_gmt":"2025-11-19T13:05:39","slug":"mini-camp-3","status":"publish","type":"page","link":"https:\/\/www.ci2s-44.fr\/index.php\/mini-camp-3\/","title":{"rendered":"Mini-camp St Lumine"},"content":{"rendered":"\t\t<div data-elementor-type=\"wp-page\" data-elementor-id=\"2877\" class=\"elementor elementor-2877\">\n\t\t\t\t\t\t<section class=\"elementor-section elementor-top-section elementor-element elementor-element-02b4dab elementor-section-boxed elementor-section-height-default elementor-section-height-default\" data-id=\"02b4dab\" data-element_type=\"section\" data-e-type=\"section\">\n\t\t\t\t\t\t<div class=\"elementor-container elementor-column-gap-default\">\n\t\t\t\t\t<div class=\"elementor-column elementor-col-100 elementor-top-column elementor-element elementor-element-1c3c548\" data-id=\"1c3c548\" data-element_type=\"column\" data-e-type=\"column\">\n\t\t\t<div class=\"elementor-widget-wrap elementor-element-populated\">\n\t\t\t\t\t\t<div class=\"elementor-element elementor-element-4b15b8a elementor-widget elementor-widget-heading\" data-id=\"4b15b8a\" data-element_type=\"widget\" data-e-type=\"widget\" data-widget_type=\"heading.default\">\n\t\t\t\t<div class=\"elementor-widget-container\">\n\t\t\t\t\t<h2 class=\"elementor-heading-title elementor-size-default\">Mini-camp St Lumine <\/h2>\t\t\t\t<\/div>\n\t\t\t\t<\/div>\n\t\t\t\t\t<\/div>\n\t\t<\/div>\n\t\t\t\t\t<\/div>\n\t\t<\/section>\n\t\t\t\t<section class=\"elementor-section elementor-top-section elementor-element elementor-element-986274a elementor-section-boxed elementor-section-height-default elementor-section-height-default\" data-id=\"986274a\" data-element_type=\"section\" data-e-type=\"section\">\n\t\t\t\t\t\t<div class=\"elementor-container elementor-column-gap-default\">\n\t\t\t\t\t<div class=\"elementor-column elementor-col-100 elementor-top-column elementor-element elementor-element-0318bfa\" data-id=\"0318bfa\" data-element_type=\"column\" data-e-type=\"column\">\n\t\t\t<div class=\"elementor-widget-wrap elementor-element-populated\">\n\t\t\t\t\t\t<div class=\"elementor-element elementor-element-97cbac1 elementor-widget elementor-widget-text-editor\" data-id=\"97cbac1\" data-element_type=\"widget\" data-e-type=\"widget\" data-widget_type=\"text-editor.default\">\n\t\t\t\t<div class=\"elementor-widget-container\">\n\t\t\t\t\t\t\t\t\t<p style=\"text-align: center;\">Condition pour acc\u00e9der au mini-camp: avoir entre 10 et 16 ans et \u00ea<span style=\"background-color: transparent; color: var(--global-palette5); font-family: var(--global-body-font-family);\">tre inscrit \u00e0 la MDJ Luminoise<\/span><\/p>\t\t\t\t\t\t\t\t<\/div>\n\t\t\t\t<\/div>\n\t\t\t\t<div class=\"elementor-element elementor-element-92f17bc elementor-widget elementor-widget-image\" data-id=\"92f17bc\" data-element_type=\"widget\" data-e-type=\"widget\" data-widget_type=\"image.default\">\n\t\t\t\t<div class=\"elementor-widget-container\">\n\t\t\t\t\t\t\t\t\t\t\t\t\t\t\t<img fetchpriority=\"high\" decoding=\"async\" width=\"487\" height=\"500\" src=\"https:\/\/www.ci2s-44.fr\/wp-content\/uploads\/2023\/03\/R.png\" class=\"attachment-medium_large size-medium_large wp-image-3537\" alt=\"\" srcset=\"https:\/\/www.ci2s-44.fr\/wp-content\/uploads\/2023\/03\/R.png 487w, https:\/\/www.ci2s-44.fr\/wp-content\/uploads\/2023\/03\/R-292x300.png 292w\" sizes=\"(max-width: 487px) 100vw, 487px\" \/>\t\t\t\t\t\t\t\t\t\t\t\t\t\t\t<\/div>\n\t\t\t\t<\/div>\n\t\t\t\t\t<\/div>\n\t\t<\/div>\n\t\t\t\t\t<\/div>\n\t\t<\/section>\n\t\t\t\t<section class=\"elementor-section elementor-top-section elementor-element elementor-element-b7fd877 elementor-section-boxed elementor-section-height-default elementor-section-height-default\" data-id=\"b7fd877\" data-element_type=\"section\" data-e-type=\"section\">\n\t\t\t\t\t\t<div class=\"elementor-container elementor-column-gap-default\">\n\t\t\t\t\t<div class=\"elementor-column elementor-col-100 elementor-top-column elementor-element elementor-element-2b9fe5d\" data-id=\"2b9fe5d\" data-element_type=\"column\" data-e-type=\"column\">\n\t\t\t<div class=\"elementor-widget-wrap\">\n\t\t\t\t\t\t\t<\/div>\n\t\t<\/div>\n\t\t\t\t\t<\/div>\n\t\t<\/section>\n\t\t\t\t<\/div>\n\t\t","protected":false},"excerpt":{"rendered":"<p>Mini-camp St Lumine Condition pour acc\u00e9der au mini-camp: avoir entre 10 et 16 ans et \u00eatre inscrit \u00e0 la MDJ Luminoise<\/p>\n","protected":false},"author":1,"featured_media":0,"parent":0,"menu_order":0,"comment_status":"closed","ping_status":"closed","template":"","meta":{"_kadence_starter_templates_imported_post":false,"_kad_post_transparent":"","_kad_post_title":"hide","_kad_post_layout":"fullwidth","_kad_post_sidebar_id":"","_kad_post_content_style":"unboxed","_kad_post_vertical_padding":"hide","_kad_post_feature":"hide","_kad_post_feature_position":"","_kad_post_header":false,"_kad_post_footer":false,"_kad_post_classname":"","footnotes":""},"class_list":["post-2877","page","type-page","status-publish","hentry"],"_links":{"self":[{"href":"https:\/\/www.ci2s-44.fr\/index.php\/wp-json\/wp\/v2\/pages\/2877","targetHints":{"allow":["GET"]}}],"collection":[{"href":"https:\/\/www.ci2s-44.fr\/index.php\/wp-json\/wp\/v2\/pages"}],"about":[{"href":"https:\/\/www.ci2s-44.fr\/index.php\/wp-json\/wp\/v2\/types\/page"}],"author":[{"embeddable":true,"href":"https:\/\/www.ci2s-44.fr\/index.php\/wp-json\/wp\/v2\/users\/1"}],"replies":[{"embeddable":true,"href":"https:\/\/www.ci2s-44.fr\/index.php\/wp-json\/wp\/v2\/comments?post=2877"}],"version-history":[{"count":41,"href":"https:\/\/www.ci2s-44.fr\/index.php\/wp-json\/wp\/v2\/pages\/2877\/revisions"}],"predecessor-version":[{"id":4386,"href":"https:\/\/www.ci2s-44.fr\/index.php\/wp-json\/wp\/v2\/pages\/2877\/revisions\/4386"}],"wp:attachment":[{"href":"https:\/\/www.ci2s-44.fr\/index.php\/wp-json\/wp\/v2\/media?parent=2877"}],"curies":[{"name":"wp","href":"https:\/\/api.w.org\/{rel}","templated":true}]}}