{"id":3869,"date":"2023-08-22T13:45:30","date_gmt":"2023-08-22T11:45:30","guid":{"rendered":"https:\/\/www.ci2s-44.fr\/?page_id=3869"},"modified":"2023-09-20T13:46:36","modified_gmt":"2023-09-20T11:46:36","slug":"projet-pied","status":"publish","type":"page","link":"https:\/\/www.ci2s-44.fr\/index.php\/projet-pied\/","title":{"rendered":"Projet Pied"},"content":{"rendered":"\t\t<div data-elementor-type=\"wp-page\" data-elementor-id=\"3869\" class=\"elementor elementor-3869\">\n\t\t\t\t\t\t<section class=\"elementor-section elementor-top-section elementor-element elementor-element-11a2b95 elementor-section-boxed elementor-section-height-default elementor-section-height-default\" data-id=\"11a2b95\" data-element_type=\"section\" data-e-type=\"section\">\n\t\t\t\t\t\t<div class=\"elementor-container elementor-column-gap-default\">\n\t\t\t\t\t<div class=\"elementor-column elementor-col-100 elementor-top-column elementor-element elementor-element-166c7b7\" data-id=\"166c7b7\" data-element_type=\"column\" data-e-type=\"column\">\n\t\t\t<div class=\"elementor-widget-wrap elementor-element-populated\">\n\t\t\t\t\t\t<div class=\"elementor-element elementor-element-1de023a elementor-widget elementor-widget-heading\" data-id=\"1de023a\" data-element_type=\"widget\" data-e-type=\"widget\" data-widget_type=\"heading.default\">\n\t\t\t\t<div class=\"elementor-widget-container\">\n\t\t\t\t\t<h2 class=\"elementor-heading-title elementor-size-default\">Projet Pied <\/h2>\t\t\t\t<\/div>\n\t\t\t\t<\/div>\n\t\t\t\t\t<\/div>\n\t\t<\/div>\n\t\t\t\t\t<\/div>\n\t\t<\/section>\n\t\t\t\t<section class=\"elementor-section elementor-top-section elementor-element elementor-element-5f9a5d2 elementor-section-boxed elementor-section-height-default elementor-section-height-default\" data-id=\"5f9a5d2\" data-element_type=\"section\" data-e-type=\"section\">\n\t\t\t\t\t\t<div class=\"elementor-container elementor-column-gap-default\">\n\t\t\t\t\t<div class=\"elementor-column elementor-col-50 elementor-top-column elementor-element elementor-element-1d40f4d\" data-id=\"1d40f4d\" data-element_type=\"column\" data-e-type=\"column\">\n\t\t\t<div class=\"elementor-widget-wrap elementor-element-populated\">\n\t\t\t\t\t\t<div class=\"elementor-element elementor-element-536bbde elementor-widget elementor-widget-text-editor\" data-id=\"536bbde\" data-element_type=\"widget\" data-e-type=\"widget\" data-widget_type=\"text-editor.default\">\n\t\t\t\t<div class=\"elementor-widget-container\">\n\t\t\t\t\t\t\t\t\t<div class=\"xdj266r x11i5rnm xat24cr x1mh8g0r x1vvkbs x126k92a\"><div dir=\"auto\">L\u2019association du CI2S animera un programme P.I.E.D \u00e0 la rentr\u00e9e !\u00a0<span class=\"x3nfvp2 x1j61x8r x1fcty0u xdj266r xhhsvwb xat24cr xgzva0m xxymvpz xlup9mm x1kky2od\"><img decoding=\"async\" src=\"https:\/\/static.xx.fbcdn.net\/images\/emoji.php\/v9\/te2\/1.5\/16\/1f463.png\" alt=\"\ud83d\udc63\" width=\"16\" height=\"16\" \/><span style=\"font-family: var(--global-body-font-family);\">Le projet consiste \u00e0 pr\u00e9venir les chutes chez les personnes \u00e2g\u00e9es en travaillant l\u2019\u00e9quilibre et la force des jambes gr\u00e2ce \u00e0 des exercices adapt\u00e9s. \u00c7a concerne les personnes qui ont d\u00e9j\u00e0 chut\u00e9 ou qui sont inqui\u00e8tes.<\/span><\/span><\/div><\/div><div class=\"x11i5rnm xat24cr x1mh8g0r x1vvkbs xtlvy1s x126k92a\"><div dir=\"auto\">Le projet se d\u00e9roule sur 12 s\u00e9ances d&rsquo;une heure d\u2019activit\u00e9 physique et 30 minutes d\u2019ateliers sur des th\u00e9matiques d\u00e9finis.<\/div><\/div>\t\t\t\t\t\t\t\t<\/div>\n\t\t\t\t<\/div>\n\t\t\t\t\t<\/div>\n\t\t<\/div>\n\t\t\t\t<div class=\"elementor-column elementor-col-50 elementor-top-column elementor-element elementor-element-46a548b\" data-id=\"46a548b\" data-element_type=\"column\" data-e-type=\"column\">\n\t\t\t<div class=\"elementor-widget-wrap elementor-element-populated\">\n\t\t\t\t\t\t<div class=\"elementor-element elementor-element-5965596 elementor-widget elementor-widget-image\" data-id=\"5965596\" data-element_type=\"widget\" data-e-type=\"widget\" data-widget_type=\"image.default\">\n\t\t\t\t<div class=\"elementor-widget-container\">\n\t\t\t\t\t\t\t\t\t\t\t\t\t\t\t<img decoding=\"async\" width=\"278\" height=\"176\" src=\"https:\/\/www.ci2s-44.fr\/wp-content\/uploads\/2023\/09\/logo-PIED-Quadri278.jpg\" class=\"attachment-medium size-medium wp-image-3899\" alt=\"\" \/>\t\t\t\t\t\t\t\t\t\t\t\t\t\t\t<\/div>\n\t\t\t\t<\/div>\n\t\t\t\t\t<\/div>\n\t\t<\/div>\n\t\t\t\t\t<\/div>\n\t\t<\/section>\n\t\t\t\t<section class=\"elementor-section elementor-top-section elementor-element elementor-element-845b841 elementor-section-boxed elementor-section-height-default elementor-section-height-default\" data-id=\"845b841\" data-element_type=\"section\" data-e-type=\"section\">\n\t\t\t\t\t\t<div class=\"elementor-container elementor-column-gap-default\">\n\t\t\t\t\t<div class=\"elementor-column elementor-col-100 elementor-top-column elementor-element elementor-element-f02125e\" data-id=\"f02125e\" data-element_type=\"column\" data-e-type=\"column\">\n\t\t\t<div class=\"elementor-widget-wrap elementor-element-populated\">\n\t\t\t\t\t\t<div class=\"elementor-element elementor-element-5a63fa1 elementor-drop-cap-yes elementor-drop-cap-view-default elementor-widget elementor-widget-text-editor\" data-id=\"5a63fa1\" data-element_type=\"widget\" data-e-type=\"widget\" data-settings=\"{&quot;drop_cap&quot;:&quot;yes&quot;}\" data-widget_type=\"text-editor.default\">\n\t\t\t\t<div class=\"elementor-widget-container\">\n\t\t\t\t\t\t\t\t\t<div class=\"xdj266r x11i5rnm xat24cr x1mh8g0r x1vvkbs x126k92a\"><div dir=\"auto\"><img decoding=\"async\" style=\"font-family: var(--global-body-font-family);\" src=\"https:\/\/static.xx.fbcdn.net\/images\/emoji.php\/v9\/t15\/1.5\/16\/2139.png\" alt=\"\u2139\ufe0f\" width=\"16\" height=\"16\" \/><\/div><\/div><div class=\"x11i5rnm xat24cr x1mh8g0r x1vvkbs xtlvy1s x126k92a\"><div dir=\"auto\">Programme :<\/div><\/div><div class=\"x11i5rnm xat24cr x1mh8g0r x1vvkbs xtlvy1s x126k92a\"><div dir=\"auto\"><span class=\"x3nfvp2 x1j61x8r x1fcty0u xdj266r xhhsvwb xat24cr xgzva0m xxymvpz xlup9mm x1kky2od\"><img loading=\"lazy\" decoding=\"async\" src=\"https:\/\/static.xx.fbcdn.net\/images\/emoji.php\/v9\/t93\/1.5\/16\/31_20e3.png\" alt=\"1\ufe0f\u20e3\" width=\"16\" height=\"16\" \/><\/span>\u2192 1\u00e8re s\u00e9ance \u00e9valuation des personnes.<\/div><div dir=\"auto\"><span class=\"x3nfvp2 x1j61x8r x1fcty0u xdj266r xhhsvwb xat24cr xgzva0m xxymvpz xlup9mm x1kky2od\"><img loading=\"lazy\" decoding=\"async\" src=\"https:\/\/static.xx.fbcdn.net\/images\/emoji.php\/v9\/tb2\/1.5\/16\/32_20e3.png\" alt=\"2\ufe0f\u20e3\" width=\"16\" height=\"16\" \/><span style=\"font-family: var(--global-body-font-family);\">\u2192 Les 10 autres s\u00e9ances pour travailler sur l\u2019\u00e9quilibre.<\/span><\/span><\/div><div dir=\"auto\"><span class=\"x3nfvp2 x1j61x8r x1fcty0u xdj266r xhhsvwb xat24cr xgzva0m xxymvpz xlup9mm x1kky2od\"><img loading=\"lazy\" decoding=\"async\" src=\"https:\/\/static.xx.fbcdn.net\/images\/emoji.php\/v9\/td1\/1.5\/16\/33_20e3.png\" alt=\"3\ufe0f\u20e3\" width=\"16\" height=\"16\" \/><\/span>\u2192 Et la derni\u00e8re s\u00e9ance est pour \u00e9valuer l\u2019\u00e9volution.<\/div><div dir=\"auto\">\u00a0<\/div><\/div><div class=\"x11i5rnm xat24cr x1mh8g0r x1vvkbs xtlvy1s x126k92a\"><div dir=\"auto\">Le projet pied, est sur demande de la f\u00e9d\u00e9ration fran\u00e7aise sport pour tous en partenariat avec l\u2019ASEPT des Pays de la Loire, qui se d\u00e9roule le vendredi matin du 22 septembre 2023 au 8 d\u00e9cembre 2023 de 10h00 \u00e0 11h30 \u00e0 Remouill\u00e9.<\/div><\/div><div class=\"x11i5rnm xat24cr x1mh8g0r x1vvkbs xtlvy1s x126k92a\"><div dir=\"auto\">Un projet similaire verra le jour \u00e0 Machecoul-Saint-M\u00eame en 2024.<\/div><div dir=\"auto\">\u00a0<\/div><\/div><div class=\"x11i5rnm xat24cr x1mh8g0r x1vvkbs xtlvy1s x126k92a\"><div dir=\"auto\">C\u2019est l\u2019\u00e9ducateur Nicolas BAUDRY qui est en charge du projet.<\/div><\/div>\t\t\t\t\t\t\t\t<\/div>\n\t\t\t\t<\/div>\n\t\t\t\t\t<\/div>\n\t\t<\/div>\n\t\t\t\t\t<\/div>\n\t\t<\/section>\n\t\t\t\t<\/div>\n\t\t","protected":false},"excerpt":{"rendered":"<p>Projet Pied L\u2019association du CI2S animera un programme P.I.E.D \u00e0 la rentr\u00e9e !\u00a0Le projet consiste \u00e0 pr\u00e9venir les chutes chez les personnes \u00e2g\u00e9es en travaillant l\u2019\u00e9quilibre et la force des jambes gr\u00e2ce \u00e0 des exercices adapt\u00e9s. \u00c7a concerne les personnes qui ont d\u00e9j\u00e0 chut\u00e9 ou qui sont inqui\u00e8tes.Le projet se d\u00e9roule sur 12 s\u00e9ances d&rsquo;une&#8230;<\/p>\n","protected":false},"author":1,"featured_media":0,"parent":0,"menu_order":0,"comment_status":"closed","ping_status":"closed","template":"","meta":{"_kadence_starter_templates_imported_post":false,"_kad_post_transparent":"","_kad_post_title":"hide","_kad_post_layout":"fullwidth","_kad_post_sidebar_id":"","_kad_post_content_style":"unboxed","_kad_post_vertical_padding":"hide","_kad_post_feature":"hide","_kad_post_feature_position":"","_kad_post_header":false,"_kad_post_footer":false,"_kad_post_classname":"","footnotes":""},"class_list":["post-3869","page","type-page","status-publish","hentry"],"_links":{"self":[{"href":"https:\/\/www.ci2s-44.fr\/index.php\/wp-json\/wp\/v2\/pages\/3869","targetHints":{"allow":["GET"]}}],"collection":[{"href":"https:\/\/www.ci2s-44.fr\/index.php\/wp-json\/wp\/v2\/pages"}],"about":[{"href":"https:\/\/www.ci2s-44.fr\/index.php\/wp-json\/wp\/v2\/types\/page"}],"author":[{"embeddable":true,"href":"https:\/\/www.ci2s-44.fr\/index.php\/wp-json\/wp\/v2\/users\/1"}],"replies":[{"embeddable":true,"href":"https:\/\/www.ci2s-44.fr\/index.php\/wp-json\/wp\/v2\/comments?post=3869"}],"version-history":[{"count":7,"href":"https:\/\/www.ci2s-44.fr\/index.php\/wp-json\/wp\/v2\/pages\/3869\/revisions"}],"predecessor-version":[{"id":3903,"href":"https:\/\/www.ci2s-44.fr\/index.php\/wp-json\/wp\/v2\/pages\/3869\/revisions\/3903"}],"wp:attachment":[{"href":"https:\/\/www.ci2s-44.fr\/index.php\/wp-json\/wp\/v2\/media?parent=3869"}],"curies":[{"name":"wp","href":"https:\/\/api.w.org\/{rel}","templated":true}]}}