{"id":5,"date":"2022-04-01T14:28:34","date_gmt":"2022-04-01T12:28:34","guid":{"rendered":"http:\/\/www.ci2s-44.fr\/?page_id=5"},"modified":"2025-11-19T14:07:06","modified_gmt":"2025-11-19T13:07:06","slug":"ci2s-44","status":"publish","type":"page","link":"https:\/\/www.ci2s-44.fr\/","title":{"rendered":"Centre Initiation Sportif &#038; Social"},"content":{"rendered":"\t\t<div data-elementor-type=\"wp-page\" data-elementor-id=\"5\" class=\"elementor elementor-5\">\n\t\t\t\t\t\t<section class=\"elementor-section elementor-top-section elementor-element elementor-element-68c80b0b elementor-section-boxed elementor-section-height-default elementor-section-height-default\" data-id=\"68c80b0b\" data-element_type=\"section\" data-e-type=\"section\">\n\t\t\t\t\t\t<div class=\"elementor-container elementor-column-gap-default\">\n\t\t\t\t\t<div class=\"elementor-column elementor-col-100 elementor-top-column elementor-element elementor-element-6322ccf6\" data-id=\"6322ccf6\" data-element_type=\"column\" data-e-type=\"column\">\n\t\t\t<div class=\"elementor-widget-wrap elementor-element-populated\">\n\t\t\t\t\t\t<div class=\"elementor-element elementor-element-e0d26f5 elementor-widget elementor-widget-image\" data-id=\"e0d26f5\" data-element_type=\"widget\" data-e-type=\"widget\" data-widget_type=\"image.default\">\n\t\t\t\t<div class=\"elementor-widget-container\">\n\t\t\t\t\t\t\t\t\t\t\t\t\t\t\t<img fetchpriority=\"high\" decoding=\"async\" width=\"1024\" height=\"640\" src=\"https:\/\/www.ci2s-44.fr\/wp-content\/uploads\/2024\/10\/Bache-51.5-\u00d7-30-cm-2-1024x640.png\" class=\"attachment-large size-large wp-image-4191\" alt=\"\" srcset=\"https:\/\/www.ci2s-44.fr\/wp-content\/uploads\/2024\/10\/Bache-51.5-\u00d7-30-cm-2-1024x640.png 1024w, https:\/\/www.ci2s-44.fr\/wp-content\/uploads\/2024\/10\/Bache-51.5-\u00d7-30-cm-2-300x188.png 300w, https:\/\/www.ci2s-44.fr\/wp-content\/uploads\/2024\/10\/Bache-51.5-\u00d7-30-cm-2-768x480.png 768w, https:\/\/www.ci2s-44.fr\/wp-content\/uploads\/2024\/10\/Bache-51.5-\u00d7-30-cm-2-1536x960.png 1536w, https:\/\/www.ci2s-44.fr\/wp-content\/uploads\/2024\/10\/Bache-51.5-\u00d7-30-cm-2.png 2000w\" sizes=\"(max-width: 1024px) 100vw, 1024px\" \/>\t\t\t\t\t\t\t\t\t\t\t\t\t\t\t<\/div>\n\t\t\t\t<\/div>\n\t\t\t\t<div class=\"elementor-element elementor-element-57fd92c6 elementor-widget elementor-widget-text-editor\" data-id=\"57fd92c6\" data-element_type=\"widget\" data-e-type=\"widget\" data-widget_type=\"text-editor.default\">\n\t\t\t\t<div class=\"elementor-widget-container\">\n\t\t\t\t\t\t\t\t\t<p><!-- \/wp:paragraph --><\/p>\n<p><!-- wp:paragraph --><\/p>\n<p>Le C.I.2S est une association loi 1901 et qui est un groupement d&rsquo;\u00e9ducateurs sportifs qui intervient dans le secteur Grand-lieu &amp; Sud Retz.<\/p>\n<p><!-- \/wp:paragraph --><\/p>\n<p><!-- wp:paragraph --><\/p>\n<p>Pourquoi sportif &amp; social ?<\/p>\n<p><!-- \/wp:paragraph --><\/p>\n<p><!-- wp:paragraph --><\/p>\n<p>Parce que nos \u00e9ducateurs sont form\u00e9s \u00e0 encadrer des activit\u00e9s physiques et sportives de tous genre.<\/p>\n<p><!-- \/wp:paragraph --><\/p>\n<p><!-- wp:paragraph --><\/p>\n<p>Mais leur intervention ne s&rsquo;arr\u00eate pas aux sports. L&rsquo;objectif est aussi de d\u00e9velopper les maisons de jeunes dans les villes o\u00f9 ce dispositif n&rsquo;existe pas.<\/p>\n<p><!-- \/wp:paragraph --><\/p>\n<p><!-- wp:paragraph --><\/p>\n<p><!-- \/wp:paragraph --><\/p>\n<p><!-- wp:paragraph --><\/p>\n<p>Aupr\u00e8s de qui intervenons nous ?<\/p>\n<p><!-- \/wp:paragraph --><\/p>\n<p><!-- wp:paragraph --><\/p>\n<p>Aupr\u00e8s de tous les publics. Nous intervenons en milieu scolaire, en milieu associatif et nous cr\u00e9ons aussi nos propres s\u00e9ances, nos propres stages sportifs sur la p\u00e9riode des vacances scolaire.<\/p>\n<p><!-- \/wp:paragraph --><\/p>\n<p><!-- wp:paragraph --><\/p>\n<p>Nos axes de travail pour l&rsquo;ann\u00e9e 2025\/2026 sont : le public 3\/6 ans, le public s\u00e9niors +65 ans, la marche nordique et la maisons de jeunes.<\/p>\n<p><!-- \/wp:paragraph --><\/p>\n<p><!-- wp:paragraph --><\/p>\n<p><!-- \/wp:paragraph --><\/p>\n<p><!-- wp:paragraph --><\/p>\n<p>Nous sommes \u00e9galement ouverts \u00e0 toutes les id\u00e9es, toutes envies pour d\u00e9velopper de nouvelles th\u00e9matiques et de nouvelles disciplines.<\/p>\n<p><!-- \/wp:paragraph --><\/p>\t\t\t\t\t\t\t\t<\/div>\n\t\t\t\t<\/div>\n\t\t\t\t\t<\/div>\n\t\t<\/div>\n\t\t\t\t\t<\/div>\n\t\t<\/section>\n\t\t\t\t<section class=\"elementor-section elementor-top-section elementor-element elementor-element-97a272d elementor-section-boxed elementor-section-height-default elementor-section-height-default\" data-id=\"97a272d\" data-element_type=\"section\" data-e-type=\"section\">\n\t\t\t\t\t\t<div class=\"elementor-container elementor-column-gap-default\">\n\t\t\t\t\t<div class=\"elementor-column elementor-col-50 elementor-top-column elementor-element elementor-element-ef609ba\" data-id=\"ef609ba\" data-element_type=\"column\" data-e-type=\"column\">\n\t\t\t<div class=\"elementor-widget-wrap elementor-element-populated\">\n\t\t\t\t\t\t<div class=\"elementor-element elementor-element-21187f0 elementor-view-default elementor-widget elementor-widget-icon\" data-id=\"21187f0\" data-element_type=\"widget\" data-e-type=\"widget\" data-widget_type=\"icon.default\">\n\t\t\t\t<div class=\"elementor-widget-container\">\n\t\t\t\t\t\t\t<div class=\"elementor-icon-wrapper\">\n\t\t\t<a class=\"elementor-icon\" href=\"https:\/\/www.facebook.com\/profile.php?id=100080975966863\" target=\"_blank\">\n\t\t\t<i aria-hidden=\"true\" class=\"fab fa-facebook-square\"><\/i>\t\t\t<\/a>\n\t\t<\/div>\n\t\t\t\t\t\t<\/div>\n\t\t\t\t<\/div>\n\t\t\t\t\t<\/div>\n\t\t<\/div>\n\t\t\t\t<div class=\"elementor-column elementor-col-50 elementor-top-column elementor-element elementor-element-ff1eed0\" data-id=\"ff1eed0\" data-element_type=\"column\" data-e-type=\"column\">\n\t\t\t<div class=\"elementor-widget-wrap elementor-element-populated\">\n\t\t\t\t\t\t<div class=\"elementor-element elementor-element-71a6284 elementor-view-default elementor-widget elementor-widget-icon\" data-id=\"71a6284\" data-element_type=\"widget\" data-e-type=\"widget\" data-widget_type=\"icon.default\">\n\t\t\t\t<div class=\"elementor-widget-container\">\n\t\t\t\t\t\t\t<div class=\"elementor-icon-wrapper\">\n\t\t\t<a class=\"elementor-icon\" href=\"https:\/\/www.instagram.com\/ci2s_44\/\" target=\"_blank\">\n\t\t\t<i aria-hidden=\"true\" class=\"fab fa-instagram\"><\/i>\t\t\t<\/a>\n\t\t<\/div>\n\t\t\t\t\t\t<\/div>\n\t\t\t\t<\/div>\n\t\t\t\t\t<\/div>\n\t\t<\/div>\n\t\t\t\t\t<\/div>\n\t\t<\/section>\n\t\t\t\t<\/div>\n\t\t","protected":false},"excerpt":{"rendered":"<p>Le C.I.2S est une association loi 1901 et qui est un groupement d&rsquo;\u00e9ducateurs sportifs qui intervient dans le secteur Grand-lieu &amp; Sud Retz. Pourquoi sportif &amp; social ? Parce que nos \u00e9ducateurs sont form\u00e9s \u00e0 encadrer des activit\u00e9s physiques et sportives de tous genre. Mais leur intervention ne s&rsquo;arr\u00eate pas aux sports. L&rsquo;objectif est aussi&#8230;<\/p>\n","protected":false},"author":1,"featured_media":86,"parent":0,"menu_order":0,"comment_status":"closed","ping_status":"closed","template":"","meta":{"_kadence_starter_templates_imported_post":false,"_kad_post_transparent":"","_kad_post_title":"","_kad_post_layout":"","_kad_post_sidebar_id":"","_kad_post_content_style":"","_kad_post_vertical_padding":"","_kad_post_feature":"","_kad_post_feature_position":"","_kad_post_header":false,"_kad_post_footer":false,"_kad_post_classname":"","footnotes":""},"class_list":["post-5","page","type-page","status-publish","has-post-thumbnail","hentry"],"_links":{"self":[{"href":"https:\/\/www.ci2s-44.fr\/index.php\/wp-json\/wp\/v2\/pages\/5","targetHints":{"allow":["GET"]}}],"collection":[{"href":"https:\/\/www.ci2s-44.fr\/index.php\/wp-json\/wp\/v2\/pages"}],"about":[{"href":"https:\/\/www.ci2s-44.fr\/index.php\/wp-json\/wp\/v2\/types\/page"}],"author":[{"embeddable":true,"href":"https:\/\/www.ci2s-44.fr\/index.php\/wp-json\/wp\/v2\/users\/1"}],"replies":[{"embeddable":true,"href":"https:\/\/www.ci2s-44.fr\/index.php\/wp-json\/wp\/v2\/comments?post=5"}],"version-history":[{"count":89,"href":"https:\/\/www.ci2s-44.fr\/index.php\/wp-json\/wp\/v2\/pages\/5\/revisions"}],"predecessor-version":[{"id":4389,"href":"https:\/\/www.ci2s-44.fr\/index.php\/wp-json\/wp\/v2\/pages\/5\/revisions\/4389"}],"wp:featuredmedia":[{"embeddable":true,"href":"https:\/\/www.ci2s-44.fr\/index.php\/wp-json\/wp\/v2\/media\/86"}],"wp:attachment":[{"href":"https:\/\/www.ci2s-44.fr\/index.php\/wp-json\/wp\/v2\/media?parent=5"}],"curies":[{"name":"wp","href":"https:\/\/api.w.org\/{rel}","templated":true}]}}